{"id":5732,"date":"2023-08-22T11:52:06","date_gmt":"2023-08-22T16:52:06","guid":{"rendered":"https:\/\/ispaeducacion.edu.co\/?page_id=5732"},"modified":"2025-11-24T15:19:54","modified_gmt":"2025-11-24T20:19:54","slug":"adminisiones-2024-jerusalen","status":"publish","type":"page","link":"https:\/\/ispaeducacion.edu.co\/?page_id=5732","title":{"rendered":"Admisiones 2026 Jerusalen"},"content":{"rendered":"<p>[vc_row][vc_column]\n\t\t\t<!-- START MATRICULAS JERUSALEN REVOLUTION SLIDER 6.5.11 --><p class=\"rs-p-wp-fix\"><\/p>\n\t\t\t<rs-module-wrap id=\"rev_slider_16_1_wrapper\" data-source=\"gallery\" style=\"visibility:hidden;background:#d8d8d8;padding:0;margin:0px auto;margin-top:0;margin-bottom:0;max-width:;\">\n\t\t\t\t<rs-module id=\"rev_slider_16_1\" style=\"\" data-version=\"6.5.11\">\n\t\t\t\t\t<rs-slides>\n\t\t\t\t\t\t<rs-slide style=\"position: absolute;\" data-key=\"rs-29\" data-title=\"Slide\" data-in=\"o:0;\" data-out=\"a:false;\">\n\t\t\t\t\t\t\t<img src=\"\/\/ispaeducacion.edu.co\/wp-content\/plugins\/revslider\/public\/assets\/assets\/dummy.png\" alt=\"Slide\" title=\"Admisiones 2026 Jerusalen\" class=\"rev-slidebg tp-rs-img rs-lazyload\" data-lazyload=\"\/\/ispaeducacion.edu.co\/wp-content\/plugins\/revslider\/public\/assets\/assets\/transparent.png\" data-bg=\"p:center top;c:#6acff3;\" data-parallax=\"9\" data-no-retina>\n<!--\n\t\t\t\t\t\t\t--><rs-layer\n\t\t\t\t\t\t\t\tid=\"slider-16-slide-29-layer-0\" \n\t\t\t\t\t\t\t\tdata-type=\"image\"\n\t\t\t\t\t\t\t\tdata-rsp_ch=\"on\"\n\t\t\t\t\t\t\t\tdata-xy=\"x:c;xo:-11px,-8px,-4px,-2px;y:m;yo:-75px,-57px,-34px,-17px;\"\n\t\t\t\t\t\t\t\tdata-text=\"w:normal;s:20,15,9,4;l:0,19,11,6;\"\n\t\t\t\t\t\t\t\tdata-dim=\"w:1330px,1023px,613px,306px;h:663px,510px,306px,153px;\"\n\t\t\t\t\t\t\t\tdata-frame_999=\"o:0;st:w;\"\n\t\t\t\t\t\t\t\tstyle=\"z-index:5;\"\n\t\t\t\t\t\t\t><img src=\"\/\/ispaeducacion.edu.co\/wp-content\/plugins\/revslider\/public\/assets\/assets\/dummy.png\" class=\"tp-rs-img rs-lazyload\" width=\"941\" height=\"469\" data-lazyload=\"\/\/ispaeducacion.edu.co\/wp-content\/uploads\/2025\/09\/INSCRIPCIONES-JER2026.png\" data-no-retina> \n\t\t\t\t\t\t\t<\/rs-layer><!--\n-->\t\t\t\t\t\t<\/rs-slide>\n\t\t\t\t\t<\/rs-slides>\n\t\t\t\t<\/rs-module>\n\t\t\t\t<script type=\"text\/javascript\">\n\t\t\t\t\tsetREVStartSize({c: 'rev_slider_16_1',rl:[1240,1024,778,480],el:[709,462.984,636,399.984],gw:[1300,1000,600,300],gh:[709,463,636,400],type:'standard',justify:'',layout:'fullwidth',mh:\"0\"});if (window.RS_MODULES!==undefined && window.RS_MODULES.modules!==undefined && window.RS_MODULES.modules[\"revslider161\"]!==undefined) {window.RS_MODULES.modules[\"revslider161\"].once = false;window.revapi16 = undefined;if (window.RS_MODULES.checkMinimal!==undefined) window.RS_MODULES.checkMinimal()}\n\t\t\t\t<\/script>\n\t\t\t<\/rs-module-wrap>\n\t\t\t<!-- END REVOLUTION SLIDER -->\n[vc_empty_space height=&#8221;120px&#8221;][\/vc_column][\/vc_row][vc_row][vc_column][vc_custom_heading source=&#8221;post_title&#8221; font_container=&#8221;tag:h1|text_align:center&#8221;][vc_empty_space]<div class=\"eltdf-tabs  eltdf-tabs-vertical\">\n\t<ul class=\"eltdf-tabs-nav clearfix\">\n\t\t\t\t\t<li>\n\t\t\t\t\t\t\t\t\t<a href=\"#tab-observaciones-generales\">Observaciones Generales<\/a>\n\t\t\t\t\t\t\t<\/li>\n\t\t\t\t\t<li>\n\t\t\t\t\t\t\t\t\t<a href=\"#tab-pre-inscripcion\">Pre - Inscripci\u00f3n<\/a>\n\t\t\t\t\t\t\t<\/li>\n\t\t\t\t\t<li>\n\t\t\t\t\t\t\t\t\t<a href=\"#tab-formulario-de-inscripcion\">Formulario de inscripci\u00f3n<\/a>\n\t\t\t\t\t\t\t<\/li>\n\t\t\t\t\t<li>\n\t\t\t\t\t\t\t\t\t<a href=\"#tab-proceso-de-admision\">Proceso de Admisi\u00f3n<\/a>\n\t\t\t\t\t\t\t<\/li>\n\t\t\t\t\t<li>\n\t\t\t\t\t\t\t\t\t<a href=\"#tab-pre-seleccionados\">Pre-Seleccionados<\/a>\n\t\t\t\t\t\t\t<\/li>\n\t\t\t\t\t<li>\n\t\t\t\t\t\t\t\t\t<a href=\"#tab-resultados-proceso-de-admision\">Resultados Proceso de Admisi\u00f3n<\/a>\n\t\t\t\t\t\t\t<\/li>\n\t\t\t<\/ul>\n\t<div class=\"eltdf-tab-container\" id=\"tab-observaciones-generales-4\"><div class=\"eltdf-section-title-holder  \" style=\"padding: 0 19%;text-align: center\">\n\t<div class=\"eltdf-st-inner\">\n\t\t\t\t\t\t\t\t\t<h2 class=\"eltdf-st-title\" >\n\t\t\t\tObservaciones Generales\t\t\t<\/h2>\n\t\t\t\t\t<\/div>\n<\/div>[vc_empty_space][vc_column_text]Antes de realizar el pago, por favor tenga en cuenta las siguientes observaciones:<\/p>\n<ul>\n<li>El Instituto San Pablo Ap\u00f3stol es una instituci\u00f3n de car\u00e1cter privado, como obra socio educativa del Sistema Educativo de la Arquidi\u00f3cesis de Bogot\u00e1, est\u00e1 fundamentada en la pr\u00e1ctica del Evangelio y de confesi\u00f3n cat\u00f3lica.<\/li>\n<li>El proceso de admisi\u00f3n NO compromete a la instituci\u00f3n a otorgar el cupo.<\/li>\n<li>El plantel tiene la completa autonom\u00eda, se reserva el derecho de admisi\u00f3n de los estudiantes y, por lo tanto, no se encuentra obligada a sustentar su decisi\u00f3n ante los aspirantes, sus progenitores, acudientes o terceros.<\/li>\n<li>El proceso de admisi\u00f3n es solo para grado primero, el aspirante debe tener seis a\u00f1os cumplidos al 2026.<\/li>\n<li>A medida que se reciba la preinscripci\u00f3n y se confirme el pago del formulario, recibir\u00e1n al correo registrado el formulario de inscripci\u00f3n y las indicaciones a seguir para el mes de octubre.<\/li>\n<li>No se aceptan estudiantes para repetir el a\u00f1o escolar, con recuperaciones pendientes, ni estudiantes para grado 2\u00b0, 3\u00b0,4\u00b0, 5\u00b0, 6\u00b0, 7\u00b0, 8\u00b0, 9\u00b0 10\u00b0 y 11\u00b0.<\/li>\n<li>Para poder realizar el proceso de admisi\u00f3n la documentaci\u00f3n debe estar completa.<\/li>\n<li>Para los dem\u00e1s grados de primaria (2\u00b0 a 5\u00b0) y bachillerato (6\u00b0 y 7\u00b0) a finales de noviembre se pueden acercar al colegio para saber si se pueden inscribir\u00a0 para esos grados, de acuerdo a la disponibilidad de cupos.<\/li>\n<li>Para m\u00e1s informaci\u00f3n se pueden comunicar al 6017462138 ext 210 \u00f3 al celular 3001879816 o acercarse al colegio Calle 73C sur # 46B-10 Barrio Jerusal\u00e9n. Horario de 7:00 a.m. a 2:00 p.m. de lunes a viernes<\/li>\n<\/ul>\n<p>[\/vc_column_text][vc_empty_space][vc_single_image image=&#8221;5590&#8243; img_size=&#8221;full&#8221; alignment=&#8221;center&#8221;]<\/div><div class=\"eltdf-tab-container\" id=\"tab-pre-inscripcion-775\"><div class=\"eltdf-section-title-holder  \" style=\"padding: 0 19%;text-align: center\">\n\t<div class=\"eltdf-st-inner\">\n\t\t\t\t\t\t\t\t\t<h2 class=\"eltdf-st-title\" >\n\t\t\t\tPre-Inscripci\u00f3n\t\t\t<\/h2>\n\t\t\t\t\t<\/div>\n<\/div>[vc_empty_space][vc_column_text]<\/p>\n<p style=\"text-align: justify;\">Costo del proceso de admisi\u00f3n: $ 40.000. <strong>Valor NO reembolsable.<\/strong><\/p>\n<p style=\"text-align: justify;\">Este valor debe cancelarse por medio de consignaci\u00f3n directamente en el <strong>Banco Caja Social, cuenta corriente No. 21003763011<\/strong> a nombre de la cuenta:<br \/>\n<strong>Instituto San Pablo Ap\u00f3stol, Nit. 860.027.872-3.<\/strong><\/p>\n<p>&nbsp;<\/p>\n<p style=\"text-align: justify;\"><strong>IMPORTANTE:<\/strong><\/p>\n<ul>\n<li style=\"text-align: justify;\">Una vez cancelado el valor del formulario de inscripci\u00f3n debe continuar con el proceso accediendo al bot\u00f3n que se encuentra a continuaci\u00f3n, recuerde que debe tener a la mano el soporte de pago, el cual debe adjuntar en formato PDF.<\/li>\n<li>En dado caso de no haber sido seleccionado en el proceso de admisi\u00f3n debe abstenerse de realizar un nuevo proceso y un nuevo pago, el Instituto San Pablo Ap\u00f3stol no se har\u00e1 responsable de devoluciones, reintegros, entre otros.<\/li>\n<\/ul>\n<p>Nos reservamos el derecho de Admisi\u00f3n.[\/vc_column_text][vc_empty_space][vc_btn title=&#8221;Pre-inscripci\u00f3n&#8221; color=&#8221;warning&#8221; align=&#8221;center&#8221; link=&#8221;url:https%3A%2F%2Fforms.gle%2FSmmybaxn2LPYPwM76|target:_blank&#8221;][vc_empty_space][vc_single_image image=&#8221;5570&#8243; img_size=&#8221;full&#8221; alignment=&#8221;center&#8221;]<\/div><div class=\"eltdf-tab-container\" id=\"tab-formulario-de-inscripcion-538\"><div class=\"eltdf-section-title-holder  \" style=\"padding: 0 19%;text-align: center\">\n\t<div class=\"eltdf-st-inner\">\n\t\t\t\t\t\t\t\t\t<h2 class=\"eltdf-st-title\" >\n\t\t\t\tFormulario de Inscripci\u00f3n\t\t\t<\/h2>\n\t\t\t\t\t<\/div>\n<\/div>[vc_empty_space][vc_column_text]Validado el pago y verificada la informaci\u00f3n diligenciada en el formulario de preinscripci\u00f3n, al correo del acudiente registrado se enviar\u00e1 el documento del formulario de inscripci\u00f3n, el cual se debe descargar, imprimir a color y diligenciar en su totalidad (letra legible), este debe ser entregado en la secretaria de la instituci\u00f3n de la siguiente manera:<\/p>\n<p>En una carpeta de cart\u00f3n color caf\u00e9 tama\u00f1o oficio, legajar un acetato tama\u00f1o oficio y dentro del mismo anexar los siguientes documentos:<\/p>\n<ul>\n<li style=\"text-align: justify;\">Formulario totalmente diligenciado con foto reciente del aspirante<br \/>\ntama\u00f1o 3\u00d74.<\/li>\n<li>Soporte Original de Pago.<\/li>\n<li>Fotocopia de la tarjeta de identidad del(a) aspirante.<\/li>\n<li style=\"font-weight: 400;\" aria-level=\"1\"><span style=\"font-weight: 400;\">Certificaci\u00f3n <\/span><b>EPS<\/b><span style=\"font-weight: 400;\"> o <\/span><b>SISB\u00c9N<\/b><span style=\"font-weight: 400;\"> del(a) aspirante.<\/span><\/li>\n<li style=\"font-weight: 400;\" aria-level=\"1\"><span style=\"font-weight: 400;\">Fotocopia de los informes acad\u00e9micos (bolet\u00edn) del primer y segundo periodo a\u00f1o 2025 y del informe final del a\u00f1o 2024.<\/span><\/li>\n<li style=\"font-weight: 400;\" aria-level=\"1\"><span style=\"font-weight: 400;\">Fotocopia de documento de identidad del padre, madre y\/o acudiente ampliado al 150%<\/span><\/li>\n<li aria-level=\"1\">Copia de registro civil<\/li>\n<\/ul>\n<p>[\/vc_column_text][vc_empty_space][vc_single_image image=&#8221;5575&#8243; img_size=&#8221;full&#8221; alignment=&#8221;center&#8221;]<\/div><div class=\"eltdf-tab-container\" id=\"tab-proceso-de-admision-585\"><div class=\"eltdf-section-title-holder  \" style=\"padding: 0 19%;text-align: center\">\n\t<div class=\"eltdf-st-inner\">\n\t\t\t\t\t\t\t\t\t<h2 class=\"eltdf-st-title\" >\n\t\t\t\tProceso de Admisi\u00f3n\t\t\t<\/h2>\n\t\t\t\t\t<\/div>\n<\/div>[vc_empty_space][vc_column_text]Una vez se tengan listos los documentos indicados en la pesta\u00f1a FORMULARIO DE INSCRIPCI\u00d3N y DOCUMENTACI\u00d3N, por favor tenga en cuenta los siguientes pasos a seguir:<\/p>\n<p><strong>1. ENTREGA DE DOCUMENTACI\u00d3N (COMPLETA):<\/strong><\/p>\n<p>Lugar: secretaria general Instituto San Pablo Ap\u00f3stol, Sede Jerusal\u00e9n, oficina ubicada en la calle 73C sur # 46B-10 barrio Jerusal\u00e9n. Durante los d\u00edas 20 al 24 de octubre de lunes a viernes de 7am a 12 m.<\/p>\n<p><strong>2. PRUEBA ESCRITA:<\/strong><\/p>\n<p>Los aspirantes deber\u00e1n asistir a las instalaciones del colegio el 28 de Octubre a las 2:30 p.m. (dos horas) para realizar el examen de admisi\u00f3n. Deben asistir con cartuchera y una escarapela que tenga el nombre completo del aspirante, n\u00famero del documento de identidad, nombre completo y n\u00famero de celular del acudiente o persona que lo recoge ese d\u00eda.<\/p>\n<p><strong>3. RESULTADO PRUEBA DE ADMISI\u00d3N:<\/strong><\/p>\n<p>En la p\u00e1gina web institucional en la pesta\u00f1a PRE SELECCIONADOS el d\u00eda 7 de noviembre del a\u00f1o en curso ser\u00e1 publicado el listado de los aspirantes que contin\u00faan el proceso con la fecha y hora de la entrevista de padres de familia.<\/p>\n<p><strong>4. CITACI\u00d3N A ENTREVISTA FAMILIAR:<\/strong><\/p>\n<p>Debe presentarse presencialmente a la entrevista familiar el Padre y\/o Madre, acompa\u00f1ados del estudiante, en la fecha y hora estipulada, seg\u00fan el listado publicado en la p\u00e1gina web de la instituci\u00f3n. No se admite otro familiar.<\/p>\n<p><strong>5. RESULTADOS FINALES y PROCESO DE MATRICULA:<\/strong><\/p>\n<p>El listado de los estudiantes admitidos para el a\u00f1o 2026 ser\u00e1 publicado a trav\u00e9s de la p\u00e1gina web de la instituci\u00f3n en la pesta\u00f1a RESULTADO ADMISIONES. Posteriormente a los correos de los padres de familia se enviar\u00e1 toda la informaci\u00f3n para el proceso de prematricula.[\/vc_column_text][vc_empty_space][vc_single_image image=&#8221;5607&#8243; img_size=&#8221;full&#8221; alignment=&#8221;center&#8221;]<\/div><div class=\"eltdf-tab-container\" id=\"tab-pre-seleccionados-925\"><div class=\"eltdf-section-title-holder  \" style=\"padding: 0 19%;text-align: center\">\n\t<div class=\"eltdf-st-inner\">\n\t\t\t\t\t\t\t\t\t<h2 class=\"eltdf-st-title\" >\n\t\t\t\tPre-Seleccionados\t\t\t<\/h2>\n\t\t\t\t\t<\/div>\n<\/div>[vc_empty_space][vc_column_text]<\/p>\n<p style=\"text-align: center;\">A continuaci\u00f3n encontrar\u00e1 el listado de los aspirantes que contin\u00faan con el proceso de admisi\u00f3n con la fecha y hora de la entrevista de padres de familia.<\/p>\n<p>[\/vc_column_text][vc_empty_space][vc_btn title=&#8221;Pre-seleccionados grado 1\u00b0&#8221; color=&#8221;warning&#8221; align=&#8221;center&#8221; link=&#8221;url:https%3A%2F%2Fdrive.google.com%2Ffile%2Fd%2F1e7OQEsXzcsIgyln2gPVbE-z0wTzW5vBW%2Fview%3Fusp%3Dsharing|target:_blank&#8221;][vc_empty_space][vc_btn title=&#8221;Pre-seleccionados grado 6\u00b0&#8221; color=&#8221;warning&#8221; align=&#8221;center&#8221; link=&#8221;url:https%3A%2F%2Fdrive.google.com%2Ffile%2Fd%2F1V_5YFhnwFxYKCmU0yknDXjJX3pGtU90e%2Fview%3Fusp%3Dsharing|target:_blank&#8221;][vc_empty_space]<\/div><div class=\"eltdf-tab-container\" id=\"tab-resultados-proceso-de-admision-433\"><div class=\"eltdf-section-title-holder  \" style=\"padding: 0 19%;text-align: center\">\n\t<div class=\"eltdf-st-inner\">\n\t\t\t\t\t\t\t\t\t<h2 class=\"eltdf-st-title\" >\n\t\t\t\tResultados proceso de admisi\u00f3n\t\t\t<\/h2>\n\t\t\t\t\t\t\t<span class=\"eltdf-st-text\" >\n\t\t\t\tLos resultados de los estudiantes admitidos ser\u00e1n publicados en este campo.\t\t\t<\/span>\n\t\t\t<\/div>\n<\/div>[vc_column_text]<strong>IMPORTANTE:<\/strong><\/p>\n<ul>\n<li>En dado caso de no haber sido seleccionado en el proceso de admisi\u00f3n debe abstenerse de realizar un nuevo proceso de diligenciamiento y pago, el Instituto San Pablo Ap\u00f3stol no se har\u00e1 responsable de devoluciones, reintegros, entre otros.<\/li>\n<li>El plantel tiene completa autonom\u00eda, se reserva el derecho de admisi\u00f3n de los estudiantes y, por lo tanto, no se encuentra obligada a sustentar su decisi\u00f3n ante los aspirantes, sus progenitores, acudientes o terceros.<\/li>\n<\/ul>\n<p>[\/vc_column_text][vc_empty_space][vc_btn title=&#8221;Admitidos grado 1\u00b0&#8221; color=&#8221;warning&#8221; align=&#8221;center&#8221; link=&#8221;url:https%3A%2F%2Fdrive.google.com%2Ffile%2Fd%2F1jIzDXK7G8DkSbQ_JXyfskBHDLRIkYnoX%2Fview%3Fusp%3Dsharing|target:_blank&#8221;][vc_empty_space]<\/div><\/div>[vc_empty_space][\/vc_column][\/vc_row]<\/p>\n","protected":false},"excerpt":{"rendered":"<p>[vc_row][vc_column][vc_empty_space height=&#8221;120px&#8221;][\/vc_column][\/vc_row][vc_row][vc_column][vc_custom_heading source=&#8221;post_title&#8221; font_container=&#8221;tag:h1|text_align:center&#8221;][vc_empty_space][vc_empty_space][\/vc_column][\/vc_row]<\/p>\n","protected":false},"author":3,"featured_media":0,"parent":0,"menu_order":0,"comment_status":"closed","ping_status":"closed","template":"","meta":{"_mi_skip_tracking":false,"_monsterinsights_sitenote_active":false,"_monsterinsights_sitenote_note":"","_monsterinsights_sitenote_category":0},"_links":{"self":[{"href":"https:\/\/ispaeducacion.edu.co\/index.php?rest_route=\/wp\/v2\/pages\/5732"}],"collection":[{"href":"https:\/\/ispaeducacion.edu.co\/index.php?rest_route=\/wp\/v2\/pages"}],"about":[{"href":"https:\/\/ispaeducacion.edu.co\/index.php?rest_route=\/wp\/v2\/types\/page"}],"author":[{"embeddable":true,"href":"https:\/\/ispaeducacion.edu.co\/index.php?rest_route=\/wp\/v2\/users\/3"}],"replies":[{"embeddable":true,"href":"https:\/\/ispaeducacion.edu.co\/index.php?rest_route=%2Fwp%2Fv2%2Fcomments&post=5732"}],"version-history":[{"count":44,"href":"https:\/\/ispaeducacion.edu.co\/index.php?rest_route=\/wp\/v2\/pages\/5732\/revisions"}],"predecessor-version":[{"id":6590,"href":"https:\/\/ispaeducacion.edu.co\/index.php?rest_route=\/wp\/v2\/pages\/5732\/revisions\/6590"}],"wp:attachment":[{"href":"https:\/\/ispaeducacion.edu.co\/index.php?rest_route=%2Fwp%2Fv2%2Fmedia&parent=5732"}],"curies":[{"name":"wp","href":"https:\/\/api.w.org\/{rel}","templated":true}]}}