{"id":5505,"date":"2023-08-01T10:05:59","date_gmt":"2023-08-01T15:05:59","guid":{"rendered":"https:\/\/ispaeducacion.edu.co\/?page_id=5505"},"modified":"2025-11-19T12:25:51","modified_gmt":"2025-11-19T17:25:51","slug":"adminisiones-2024","status":"publish","type":"page","link":"https:\/\/ispaeducacion.edu.co\/?page_id=5505","title":{"rendered":"Admisiones 2026 Libertador"},"content":{"rendered":"<p>[vc_row][vc_column][vc_column_text]<span style=\"vertical-align: inherit;\"><span style=\"vertical-align: inherit;\"><span dir=\"auto\" style=\"vertical-align: inherit;\"><span dir=\"auto\" style=\"vertical-align: inherit;\">[\/vc_column_text][\/vc_column][\/vc_row][vc_row][vc_column]\n\t\t\t<!-- START Home 4 REVOLUTION SLIDER 6.5.11 --><p class=\"rs-p-wp-fix\"><\/p>\n\t\t\t<rs-module-wrap id=\"rev_slider_5_1_wrapper\" data-source=\"gallery\" style=\"visibility:hidden;background:#000000;padding:0;margin:0px auto;margin-top:0;margin-bottom:0;max-width:;\">\n\t\t\t\t<rs-module id=\"rev_slider_5_1\" style=\"\" data-version=\"6.5.11\">\n\t\t\t\t\t<rs-slides>\n\t\t\t\t\t\t<rs-slide style=\"position: absolute;\" data-key=\"rs-61\" data-title=\"Slide\" data-in=\"o:0;col:400;\" data-out=\"a:false;\">\n\t\t\t\t\t\t\t<img src=\"\/\/ispaeducacion.edu.co\/wp-content\/plugins\/revslider\/public\/assets\/assets\/dummy.png\" title=\"LIB INSCRIPCIONES 2026\" width=\"795\" height=\"450\" class=\"rev-slidebg tp-rs-img rs-lazyload\" data-lazyload=\"\/\/ispaeducacion.edu.co\/wp-content\/uploads\/2025\/11\/LIB-INSCRIPCIONES-2026.png\" data-bg=\"f:auto;\" data-parallax=\"off\" data-no-retina>\n<!--\n\t\t\t\t\t\t\t--><rs-layer\n\t\t\t\t\t\t\t\tid=\"slider-5-slide-61-layer-4\" \n\t\t\t\t\t\t\t\tdata-type=\"object\"\n\t\t\t\t\t\t\t\tdata-rsp_ch=\"on\"\n\t\t\t\t\t\t\t\tdata-xy=\"x:50px;y:50px;\"\n\t\t\t\t\t\t\t\tdata-text=\"w:normal;\"\n\t\t\t\t\t\t\t\tdata-frame_999=\"o:0;st:w;\"\n\t\t\t\t\t\t\t\tstyle=\"z-index:6;font-family:'Roboto';\"\n\t\t\t\t\t\t\t> \n\t\t\t\t\t\t\t<\/rs-layer><!--\n-->\t\t\t\t\t\t<\/rs-slide>\n\t\t\t\t\t<\/rs-slides>\n\t\t\t\t<\/rs-module>\n\t\t\t\t<script type=\"text\/javascript\">\n\t\t\t\t\tsetREVStartSize({c: 'rev_slider_5_1',rl:[1240,1024,778,480],el:[709],gw:[1300],gh:[709],type:'standard',justify:'',layout:'fullwidth',mh:\"0\"});if (window.RS_MODULES!==undefined && window.RS_MODULES.modules!==undefined && window.RS_MODULES.modules[\"revslider51\"]!==undefined) {window.RS_MODULES.modules[\"revslider51\"].once = false;window.revapi5 = undefined;if (window.RS_MODULES.checkMinimal!==undefined) window.RS_MODULES.checkMinimal()}\n\t\t\t\t<\/script>\n\t\t\t<\/rs-module-wrap>\n\t\t\t<!-- END REVOLUTION SLIDER -->\n[vc_empty_space height=&#8221;120px&#8221;][\/vc_column][\/vc_row][vc_row][vc_column][vc_custom_heading source=&#8221;post_title&#8221; font_container=&#8221;tag:h1|text_align:center&#8221;][vc_empty_space]<div class=\"eltdf-tabs  eltdf-tabs-vertical\">\n\t<ul class=\"eltdf-tabs-nav clearfix\">\n\t\t\t\t\t<li>\n\t\t\t\t\t\t\t\t\t<a href=\"#tab-listado-de-admitidos\">LISTADO DE ADMITIDOS<\/a>\n\t\t\t\t\t\t\t<\/li>\n\t\t\t<\/ul>\n\t<div class=\"eltdf-tab-container\" id=\"tab-listado-de-admitidos-985\"><div class=\"eltdf-section-title-holder  \" style=\"padding: 0 19%;text-align: center\">\n\t<div class=\"eltdf-st-inner\">\n\t\t\t\t\t\t\t\t\t<h2 class=\"eltdf-st-title\" style=\"color: #1e73be\">\n\t\t\t\tLISTADO DE ADMITIDOS\t\t\t<\/h2>\n\t\t\t\t\t<\/div>\n<\/div>[vc_empty_space][vc_column_text]<\/span><\/span><\/span><\/span><\/p>\n<p style=\"text-align: center;\">A continuaci\u00f3n encontrar\u00e1 el listado de los estudiantes admitidos para el a\u00f1o 2026.<\/p>\n<p>[\/vc_column_text][vc_empty_space][vc_btn title=&#8221;RESULTADOS 1\u00aa CONVOCATORIA&#8221; color=&#8221;warning&#8221; align=&#8221;center&#8221; link=&#8221;url:https%3A%2F%2Fdrive.google.com%2Ffile%2Fd%2F1R1jPQNZJDSfKZU3TALMHGiwplt3QB3Az%2Fview%3Fusp%3Dsharing&#8221;][vc_btn title=&#8221;RESULTADOS 2\u00aa CONVOCATORIA&#8221; color=&#8221;warning&#8221; align=&#8221;center&#8221; link=&#8221;url:https%3A%2F%2Fdrive.google.com%2Ffile%2Fd%2F1WrV8EEJ1vGYCAyNpHxf7zRBrx_1Y61-Q%2Fview%3Fusp%3Dsharing&#8221;]<\/div><\/div>[\/vc_column][\/vc_row][vc_row][vc_column][vc_column_text][\/vc_column_text][\/vc_column][\/vc_row]<\/p>\n","protected":false},"excerpt":{"rendered":"<p>[vc_row][vc_column][vc_column_text][\/vc_column_text][\/vc_column][\/vc_row][vc_row][vc_column][vc_empty_space height=&#8221;120px&#8221;][\/vc_column][\/vc_row][vc_row][vc_column][vc_custom_heading source=&#8221;post_title&#8221; font_container=&#8221;tag:h1|text_align:center&#8221;][vc_empty_space][\/vc_column][\/vc_row][vc_row][vc_column][vc_column_text][\/vc_column_text][\/vc_column][\/vc_row]<\/p>\n","protected":false},"author":1,"featured_media":0,"parent":0,"menu_order":0,"comment_status":"closed","ping_status":"closed","template":"","meta":{"_mi_skip_tracking":false,"_monsterinsights_sitenote_active":false,"_monsterinsights_sitenote_note":"","_monsterinsights_sitenote_category":0},"_links":{"self":[{"href":"https:\/\/ispaeducacion.edu.co\/index.php?rest_route=\/wp\/v2\/pages\/5505"}],"collection":[{"href":"https:\/\/ispaeducacion.edu.co\/index.php?rest_route=\/wp\/v2\/pages"}],"about":[{"href":"https:\/\/ispaeducacion.edu.co\/index.php?rest_route=\/wp\/v2\/types\/page"}],"author":[{"embeddable":true,"href":"https:\/\/ispaeducacion.edu.co\/index.php?rest_route=\/wp\/v2\/users\/1"}],"replies":[{"embeddable":true,"href":"https:\/\/ispaeducacion.edu.co\/index.php?rest_route=%2Fwp%2Fv2%2Fcomments&post=5505"}],"version-history":[{"count":175,"href":"https:\/\/ispaeducacion.edu.co\/index.php?rest_route=\/wp\/v2\/pages\/5505\/revisions"}],"predecessor-version":[{"id":6586,"href":"https:\/\/ispaeducacion.edu.co\/index.php?rest_route=\/wp\/v2\/pages\/5505\/revisions\/6586"}],"wp:attachment":[{"href":"https:\/\/ispaeducacion.edu.co\/index.php?rest_route=%2Fwp%2Fv2%2Fmedia&parent=5505"}],"curies":[{"name":"wp","href":"https:\/\/api.w.org\/{rel}","templated":true}]}}