{"id":4710,"date":"2023-06-19T16:49:33","date_gmt":"2023-06-19T21:49:33","guid":{"rendered":"https:\/\/ispaeducacion.edu.co\/?page_id=4710"},"modified":"2025-09-25T09:06:17","modified_gmt":"2025-09-25T14:06:17","slug":"contactenos-jerusalen","status":"publish","type":"page","link":"https:\/\/ispaeducacion.edu.co\/?page_id=4710","title":{"rendered":"Cont\u00e1ctenos Jerusal\u00e9n"},"content":{"rendered":"<p>[vc_row][vc_column][vc_custom_heading source=&#8221;post_title&#8221; font_container=&#8221;tag:h2|text_align:center|color:%237aa4fc&#8221; google_fonts=&#8221;font_family:Montserrat%3Aregular%2C700|font_style:700%20bold%20regular%3A700%3Anormal&#8221;][\/vc_column][\/vc_row][vc_row row_content_width=&#8221;grid&#8221; disable_background_image=&#8221;&#8221; css=&#8221;.vc_custom_1509373264275{padding-top: 98px !important;padding-bottom: 96px !important;background-position: center !important;background-repeat: no-repeat !important;background-size: contain !important;}&#8221; simple_background_image=&#8221;3544&#8243;][vc_column css=&#8221;.vc_custom_1509373463205{padding-top: 0px !important;}&#8221; offset=&#8221;vc_col-lg-5 vc_col-md-5&#8243;][vc_column_text]<\/p>\n<h3>Informaci\u00f3n de Contacto<\/h3>\n<p>[\/vc_column_text][vc_empty_space height=&#8221;5px&#8221;][vc_column_text]<span class=\"eltdf-st-text\">A continuaci\u00f3n podr\u00e1s encontrar los datos de contacto y los horarios de atenci\u00f3n<\/span>[\/vc_column_text][vc_empty_space height=&#8221;5px&#8221;]<h2 class=\"eltdf-custom-font-holder  eltdf-cf-4642  \" style=\"font-family: Montserrat;font-size: 16px;line-height: 20px;font-weight: 700;text-align: left;color: #42495b\" data-item-class=\"eltdf-cf-4642\">\n\tSede Jerusal\u00e9n<\/h2><div class=\"eltdf-icon-list-holder \" style=\"margin-bottom: 1px\">\n\t<div class=\"eltdf-il-icon-holder\">\n\t\t<span aria-hidden=\"true\" class=\"eltdf-icon-linear-icons lnr lnr-phone-handset \" style=\"color: #808080;font-size: 17px\"><\/span>\t<\/div>\n\t<p class=\"eltdf-il-text\" style=\"font-size: 14px\">6017176295 \u2013 6017462138<\/p>\n<\/div>[vc_empty_space height=&#8221;7px&#8221;]<div class=\"eltdf-icon-list-holder \" style=\"margin-bottom: 1px\">\n\t<div class=\"eltdf-il-icon-holder\">\n\t\t<span aria-hidden=\"true\" class=\"eltdf-icon-linear-icons lnr lnr-bubble \" style=\"color: #808080;font-size: 17px\"><\/span>\t<\/div>\n\t<p class=\"eltdf-il-text\" style=\"font-size: 14px\">Secretar\u00eda: ispa_jerusalen@ispaeducacion.edu.co<\/p>\n<\/div>[vc_empty_space height=&#8221;7px&#8221;]<div class=\"eltdf-icon-list-holder \" style=\"margin-bottom: 1px\">\n\t<div class=\"eltdf-il-icon-holder\">\n\t\t<span aria-hidden=\"true\" class=\"eltdf-icon-linear-icons lnr lnr-bubble \" style=\"color: #808080;font-size: 17px\"><\/span>\t<\/div>\n\t<p class=\"eltdf-il-text\" style=\"font-size: 14px\">Coordinaci\u00f3n acad\u00e9mica: nubia.roncancio@ispaeducacion.edu.co<\/p>\n<\/div>[vc_empty_space height=&#8221;7px&#8221;]<div class=\"eltdf-icon-list-holder \" style=\"margin-bottom: 1px\">\n\t<div class=\"eltdf-il-icon-holder\">\n\t\t<span aria-hidden=\"true\" class=\"eltdf-icon-linear-icons lnr lnr-bubble \" style=\"color: #808080;font-size: 17px\"><\/span>\t<\/div>\n\t<p class=\"eltdf-il-text\" style=\"font-size: 14px\">Coordinaci\u00f3n convivencia: lucia.cely@ispaeducacion.edu.co<\/p>\n<\/div>[vc_empty_space height=&#8221;7px&#8221;]<div class=\"eltdf-icon-list-holder \" style=\"margin-bottom: 1px\">\n\t<div class=\"eltdf-il-icon-holder\">\n\t\t<span aria-hidden=\"true\" class=\"eltdf-icon-linear-icons lnr lnr-bubble \" style=\"color: #808080;font-size: 17px\"><\/span>\t<\/div>\n\t<p class=\"eltdf-il-text\" style=\"font-size: 14px\">Orientaci\u00f3n: orientaci\u00f3n.ispa@ispaeducacion.edu.co<\/p>\n<\/div>[vc_empty_space height=&#8221;7px&#8221;]<div class=\"eltdf-icon-list-holder \" style=\"margin-bottom: 1px\">\n\t<div class=\"eltdf-il-icon-holder\">\n\t\t<span aria-hidden=\"true\" class=\"eltdf-icon-linear-icons lnr lnr-bubble \" style=\"color: #808080;font-size: 17px\"><\/span>\t<\/div>\n\t<p class=\"eltdf-il-text\" style=\"font-size: 14px\">Gesti\u00f3n de cartera y facturaci\u00f3n: auxiliar.contable@ispaeducacion.edu.co<\/p>\n<\/div>[vc_empty_space height=&#8221;7px&#8221;]<div class=\"eltdf-icon-list-holder \" style=\"margin-bottom: 1px\">\n\t<div class=\"eltdf-il-icon-holder\">\n\t\t<span aria-hidden=\"true\" class=\"eltdf-icon-linear-icons lnr lnr-bubble \" style=\"color: #808080;font-size: 17px\"><\/span>\t<\/div>\n\t<p class=\"eltdf-il-text\" style=\"font-size: 14px\">Tesorer\u00eda: tesoreria.ispa@ispaeducacion.edu.co<\/p>\n<\/div>[vc_empty_space height=&#8221;7px&#8221;]<div class=\"eltdf-icon-list-holder \" style=\"margin-bottom: 1px\">\n\t<div class=\"eltdf-il-icon-holder\">\n\t\t<span aria-hidden=\"true\" class=\"eltdf-icon-linear-icons lnr lnr-bubble \" style=\"color: #808080;font-size: 17px\"><\/span>\t<\/div>\n\t<p class=\"eltdf-il-text\" style=\"font-size: 14px\">Rector\u00eda: direcci\u00f3n.general@ispaeducacion.edu.co<\/p>\n<\/div>[vc_empty_space height=&#8221;7px&#8221;]<div class=\"eltdf-icon-list-holder \" style=\"margin-bottom: 1px\">\n\t<div class=\"eltdf-il-icon-holder\">\n\t\t<span aria-hidden=\"true\" class=\"eltdf-icon-linear-icons lnr lnr-apartment \" style=\"color: #808080;font-size: 17px\"><\/span>\t<\/div>\n\t<p class=\"eltdf-il-text\" style=\"font-size: 14px\">Calle 73C sur # 46B-10 Barrio Jerusal\u00e9n<\/p>\n<\/div>[\/vc_column][vc_column css=&#8221;.vc_custom_1509373477453{padding-top: 0px !important;}&#8221; offset=&#8221;vc_col-lg-7 vc_col-md-7&#8243;][vc_empty_space height=&#8221;28px&#8221;][vc_row_inner css=&#8221;.vc_custom_1687195734754{background-color: #ffffff !important;}&#8221;][vc_column_inner]<div class=\"eltdf-iwt clearfix  eltdf-iwt-icon-left eltdf-iwt-icon-tiny\">\n\t<div class=\"eltdf-iwt-icon\">\n\t\t\t\t\t\t\t\t\t<img width=\"64\" height=\"64\" src=\"https:\/\/ispaeducacion.edu.co\/wp-content\/uploads\/2023\/06\/correo-electronico-2.png\" class=\"attachment-full size-full\" alt=\"\" decoding=\"async\" loading=\"lazy\" \/>\t\t\t\t\t\t<\/div>\n\t<div class=\"eltdf-iwt-content\" >\n\t\t\t\t\t<h4 class=\"eltdf-iwt-title\" >\n\t\t\t\t\t\t\t\t<span class=\"eltdf-iwt-title-text\">Cont\u00e1ctenos<\/span>\n\t\t\t\t\t\t\t<\/h4>\n\t\t\t\t\t\t\t<p class=\"eltdf-iwt-text\" >Completa la siguiente informaci\u00f3n y en poco tiempo nos comunicaremos contigo.<\/p>\n\t\t\t<\/div>\n<\/div>\n<div class=\"wpcf7 no-js\" id=\"wpcf7-f2567-o1\" lang=\"en-US\" dir=\"ltr\">\n<div class=\"screen-reader-response\"><p role=\"status\" aria-live=\"polite\" aria-atomic=\"true\"><\/p> <ul><\/ul><\/div>\n<form action=\"\/index.php?rest_route=%2Fwp%2Fv2%2Fpages%2F4710#wpcf7-f2567-o1\" method=\"post\" class=\"wpcf7-form init\" aria-label=\"Contact form\" novalidate=\"novalidate\" data-status=\"init\">\n<div style=\"display: none;\">\n<input type=\"hidden\" name=\"_wpcf7\" value=\"2567\" \/>\n<input type=\"hidden\" name=\"_wpcf7_version\" value=\"5.7.7\" \/>\n<input type=\"hidden\" name=\"_wpcf7_locale\" value=\"en_US\" \/>\n<input type=\"hidden\" name=\"_wpcf7_unit_tag\" value=\"wpcf7-f2567-o1\" \/>\n<input type=\"hidden\" name=\"_wpcf7_container_post\" value=\"0\" \/>\n<input type=\"hidden\" name=\"_wpcf7_posted_data_hash\" value=\"\" \/>\n<\/div>\n<div style=\"margin-top: 30px;\">\n\t<div class=\"eltdf-cf7-newsletter eltdf-grid-row eltdf-grid-big-gutter\";>\n\t\t<div class=\"eltdf-grid-col-6 \">\n\t\t\t<p><span class=\"wpcf7-form-control-wrap\" data-name=\"your-name\"><input size=\"40\" class=\"wpcf7-form-control wpcf7-text wpcf7-validates-as-required\" aria-required=\"true\" aria-invalid=\"false\" placeholder=\"Nombre Completo\" value=\"\" type=\"text\" name=\"your-name\" \/><\/span>\n\t\t\t<\/p>\n\t\t<\/div>\n\t\t<div class=\"eltdf-grid-col-6 \">\n\t\t\t<p><span class=\"wpcf7-form-control-wrap\" data-name=\"your-email\"><input size=\"40\" class=\"wpcf7-form-control wpcf7-text wpcf7-email wpcf7-validates-as-required wpcf7-validates-as-email\" aria-required=\"true\" aria-invalid=\"false\" placeholder=\"Correo electr\u00f3nico\" value=\"\" type=\"email\" name=\"your-email\" \/><\/span>\n\t\t\t<\/p>\n\t\t<\/div>\n\t<\/div>\n\t<p><span class=\"wpcf7-form-control-wrap\" data-name=\"your-website\"><input size=\"40\" class=\"wpcf7-form-control wpcf7-text wpcf7-validates-as-required\" aria-required=\"true\" aria-invalid=\"false\" placeholder=\"Asunto\" value=\"\" type=\"text\" name=\"your-website\" \/><\/span><br \/>\n<span class=\"wpcf7-form-control-wrap\" data-name=\"message\"><textarea cols=\"20\" rows=\"4\" class=\"wpcf7-form-control wpcf7-textarea wpcf7-validates-as-required\" aria-required=\"true\" aria-invalid=\"false\" placeholder=\"Mensaje\" name=\"message\"><\/textarea><\/span>\n\t<\/p>\n\t<div class=\"eltdf-contact-form-animation\" style=\"display: block; margin-top: 60px; text-align: center;\">\n\t\t<p><input class=\"wpcf7-form-control has-spinner wpcf7-submit\" type=\"submit\" value=\"Enviar Mensaje\" \/>\n\t\t<\/p>\n\t<\/div>\n<\/div><div class=\"wpcf7-response-output\" aria-hidden=\"true\"><\/div>\n<\/form>\n<\/div>\n[\/vc_column_inner][\/vc_row_inner][vc_empty_space height=&#8221;30px&#8221;][\/vc_column][\/vc_row][vc_row][vc_column][vc_raw_html]JTNDaWZyYW1lJTIwc3JjJTNEJTIyaHR0cHMlM0ElMkYlMkZ3d3cuZ29vZ2xlLmNvbSUyRm1hcHMlMkZlbWJlZCUzRnBiJTNEJTIxMW0xOCUyMTFtMTIlMjExbTMlMjExZDM5NzcuMTIzMjY1MjcyNjU1MyUyMTJkLTc0LjE2NzM2OTA4ODE4NDczJTIxM2Q0LjU3MTg2Njk5NTM4MzUzOCUyMTJtMyUyMTFmMCUyMTJmMCUyMTNmMCUyMTNtMiUyMTFpMTAyNCUyMTJpNzY4JTIxNGYxMy4xJTIxM20zJTIxMW0yJTIxMXMweDhlM2Y5ZmZiYzY4YjA0MmIlMjUzQTB4MzIxNWMzOTQ1YmQ2ZmY0MSUyMTJzSXNwYSUyNTIwc2VkZSUyNTIwamVydXNhbGVuJTIxNWUwJTIxM20yJTIxMXNlcyUyMTJzY28lMjE0djE2ODcyMTE1NjUyMzMlMjE1bTIlMjExc2VzJTIxMnNjbyUyMiUyMHdpZHRoJTNEJTIyMjAwMCUyMiUyMGhlaWdodCUzRCUyMjQwMCUyMiUyMHN0eWxlJTNEJTIyYm9yZGVyJTNBMCUzQiUyMiUyMGFsbG93ZnVsbHNjcmVlbiUzRCUyMiUyMiUyMGxvYWRpbmclM0QlMjJsYXp5JTIyJTIwcmVmZXJyZXJwb2xpY3klM0QlMjJuby1yZWZlcnJlci13aGVuLWRvd25ncmFkZSUyMiUzRSUzQyUyRmlmcmFtZSUzRQ==[\/vc_raw_html][vc_single_image image=&#8221;4944&#8243; img_size=&#8221;large&#8221; alignment=&#8221;center&#8221;][\/vc_column][\/vc_row]<\/p>\n","protected":false},"excerpt":{"rendered":"<p>[vc_row][vc_column][vc_custom_heading source=&#8221;post_title&#8221; font_container=&#8221;tag:h2|text_align:center|color:%237aa4fc&#8221; google_fonts=&#8221;font_family:Montserrat%3Aregular%2C700|font_style:700%20bold%20regular%3A700%3Anormal&#8221;][\/vc_column][\/vc_row][vc_row row_content_width=&#8221;grid&#8221; disable_background_image=&#8221;&#8221; css=&#8221;.vc_custom_1509373264275{padding-top: 98px !important;padding-bottom: 96px !important;background-position: center !important;background-repeat: no-repeat !important;background-size: contain !important;}&#8221; simple_background_image=&#8221;3544&#8243;][vc_column css=&#8221;.vc_custom_1509373463205{padding-top: 0px !important;}&#8221; offset=&#8221;vc_col-lg-5 vc_col-md-5&#8243;][vc_column_text] Informaci\u00f3n de Contacto [\/vc_column_text][vc_empty_space height=&#8221;5px&#8221;][vc_column_text]A continuaci\u00f3n podr\u00e1s encontrar los datos de contacto y los horarios de atenci\u00f3n[\/vc_column_text][vc_empty_space [&hellip;]<\/p>\n","protected":false},"author":2,"featured_media":0,"parent":0,"menu_order":0,"comment_status":"closed","ping_status":"closed","template":"full-width.php","meta":{"_mi_skip_tracking":false,"_monsterinsights_sitenote_active":false,"_monsterinsights_sitenote_note":"","_monsterinsights_sitenote_category":0},"_links":{"self":[{"href":"https:\/\/ispaeducacion.edu.co\/index.php?rest_route=\/wp\/v2\/pages\/4710"}],"collection":[{"href":"https:\/\/ispaeducacion.edu.co\/index.php?rest_route=\/wp\/v2\/pages"}],"about":[{"href":"https:\/\/ispaeducacion.edu.co\/index.php?rest_route=\/wp\/v2\/types\/page"}],"author":[{"embeddable":true,"href":"https:\/\/ispaeducacion.edu.co\/index.php?rest_route=\/wp\/v2\/users\/2"}],"replies":[{"embeddable":true,"href":"https:\/\/ispaeducacion.edu.co\/index.php?rest_route=%2Fwp%2Fv2%2Fcomments&post=4710"}],"version-history":[{"count":10,"href":"https:\/\/ispaeducacion.edu.co\/index.php?rest_route=\/wp\/v2\/pages\/4710\/revisions"}],"predecessor-version":[{"id":6543,"href":"https:\/\/ispaeducacion.edu.co\/index.php?rest_route=\/wp\/v2\/pages\/4710\/revisions\/6543"}],"wp:attachment":[{"href":"https:\/\/ispaeducacion.edu.co\/index.php?rest_route=%2Fwp%2Fv2%2Fmedia&parent=4710"}],"curies":[{"name":"wp","href":"https:\/\/api.w.org\/{rel}","templated":true}]}}