{"id":4669,"date":"2023-06-18T23:18:21","date_gmt":"2023-06-19T04:18:21","guid":{"rendered":"https:\/\/ispaeducacion.edu.co\/?page_id=4669"},"modified":"2025-02-10T15:32:56","modified_gmt":"2025-02-10T20:32:56","slug":"inicio","status":"publish","type":"page","link":"https:\/\/ispaeducacion.edu.co\/","title":{"rendered":"Inicio"},"content":{"rendered":"<p>[vc_row css=&#8221;.vc_custom_1508157284474{margin-right: 0px !important;margin-left: 0px !important;}&#8221;][vc_column width=&#8221;1\/3&#8243; css=&#8221;.vc_custom_1508157292116{padding-right: 0px !important;padding-left: 0px !important;}&#8221;]<div class=\"eltdf-banner-holder  eltdf-banner-has-icon\">\n\t\t    <div class=\"eltdf-banner-image\">\n\t        <img width=\"2560\" height=\"1920\" src=\"https:\/\/ispaeducacion.edu.co\/wp-content\/uploads\/2023\/07\/IMG_0890-scaled.jpg\" class=\"attachment-full size-full\" alt=\"\" decoding=\"async\" loading=\"lazy\" srcset=\"https:\/\/ispaeducacion.edu.co\/wp-content\/uploads\/2023\/07\/IMG_0890-scaled.jpg 2560w, https:\/\/ispaeducacion.edu.co\/wp-content\/uploads\/2023\/07\/IMG_0890-300x225.jpg 300w, https:\/\/ispaeducacion.edu.co\/wp-content\/uploads\/2023\/07\/IMG_0890-1024x768.jpg 1024w, https:\/\/ispaeducacion.edu.co\/wp-content\/uploads\/2023\/07\/IMG_0890-768x576.jpg 768w, https:\/\/ispaeducacion.edu.co\/wp-content\/uploads\/2023\/07\/IMG_0890-1536x1152.jpg 1536w, https:\/\/ispaeducacion.edu.co\/wp-content\/uploads\/2023\/07\/IMG_0890-600x450.jpg 600w\" sizes=\"(max-width: 2560px) 100vw, 2560px\" \/>\t    <\/div>\n\t    <div class=\"eltdf-banner-text-holder\" style=\"background-color: #c8251e\">\n\t    <div class=\"eltdf-banner-text-inner\">\n\t\t    \t\t\t    <div class=\"eltdf-banner-icon\">\n\t\t\t\t    <img width=\"512\" height=\"512\" src=\"https:\/\/ispaeducacion.edu.co\/wp-content\/uploads\/2023\/06\/image.png\" class=\"attachment-full size-full\" alt=\"\" decoding=\"async\" loading=\"lazy\" srcset=\"https:\/\/ispaeducacion.edu.co\/wp-content\/uploads\/2023\/06\/image.png 512w, https:\/\/ispaeducacion.edu.co\/wp-content\/uploads\/2023\/06\/image-300x300.png 300w, https:\/\/ispaeducacion.edu.co\/wp-content\/uploads\/2023\/06\/image-100x100.png 100w, https:\/\/ispaeducacion.edu.co\/wp-content\/uploads\/2023\/06\/image-150x150.png 150w\" sizes=\"(max-width: 512px) 100vw, 512px\" \/>\t\t\t    <\/div>\n\t\t    \t\t    <div class=\"eltdf-banner-content\">\n\t\t        \t\t            <h3 class=\"eltdf-banner-title\">ISPA Sede Libertador 2025<\/h3>\n\t\t        \t\t        \t\t\t        <p class=\"eltdf-banner-text\">Aqu\u00ed encontrar\u00e1s toda la informaci\u00f3n de nuestro colegio en la sede Libertador.<\/p>\n\t\t        \t\t\t\t\t\t\t\t\t<div class=\"eltdf-banner-link\">\n\t\t\t\t\t\t<a itemprop=\"url\" href=\"https:\/\/ispaeducacion.edu.co\/?page_id=4777\" target=\"_self\"  class=\"eltdf-btn eltdf-btn-medium eltdf-btn-solid eltdf-btn-light eltdf-hover-animation\"  >    <span class=\"eltdf-btn-text\">Ver<\/span>                <span class=\"eltdf-btn-hover-item\"><\/span>    <\/a>\t\t\t\t\t<\/div>\n\t\t        \t        <\/div>\n\t\t<\/div>\n\t<\/div>\n<\/div>[\/vc_column][vc_column width=&#8221;1\/3&#8243; css=&#8221;.vc_custom_1508157298664{padding-right: 0px !important;padding-left: 0px !important;}&#8221;]<div class=\"eltdf-banner-holder  eltdf-banner-has-icon\">\n\t\t    <div class=\"eltdf-banner-image\">\n\t        <img width=\"2560\" height=\"1920\" src=\"https:\/\/ispaeducacion.edu.co\/wp-content\/uploads\/2023\/08\/Untitled-Project-23.jpg\" class=\"attachment-full size-full\" alt=\"\" decoding=\"async\" loading=\"lazy\" srcset=\"https:\/\/ispaeducacion.edu.co\/wp-content\/uploads\/2023\/08\/Untitled-Project-23.jpg 2560w, https:\/\/ispaeducacion.edu.co\/wp-content\/uploads\/2023\/08\/Untitled-Project-23-300x225.jpg 300w, https:\/\/ispaeducacion.edu.co\/wp-content\/uploads\/2023\/08\/Untitled-Project-23-1024x768.jpg 1024w, https:\/\/ispaeducacion.edu.co\/wp-content\/uploads\/2023\/08\/Untitled-Project-23-768x576.jpg 768w, https:\/\/ispaeducacion.edu.co\/wp-content\/uploads\/2023\/08\/Untitled-Project-23-1536x1152.jpg 1536w\" sizes=\"(max-width: 2560px) 100vw, 2560px\" \/>\t    <\/div>\n\t    <div class=\"eltdf-banner-text-holder\" style=\"background-color: #3f7dfb\">\n\t    <div class=\"eltdf-banner-text-inner\">\n\t\t    \t\t\t    <div class=\"eltdf-banner-icon\">\n\t\t\t\t    <img width=\"512\" height=\"512\" src=\"https:\/\/ispaeducacion.edu.co\/wp-content\/uploads\/2023\/06\/image-1.png\" class=\"attachment-full size-full\" alt=\"\" decoding=\"async\" loading=\"lazy\" srcset=\"https:\/\/ispaeducacion.edu.co\/wp-content\/uploads\/2023\/06\/image-1.png 512w, https:\/\/ispaeducacion.edu.co\/wp-content\/uploads\/2023\/06\/image-1-300x300.png 300w, https:\/\/ispaeducacion.edu.co\/wp-content\/uploads\/2023\/06\/image-1-100x100.png 100w, https:\/\/ispaeducacion.edu.co\/wp-content\/uploads\/2023\/06\/image-1-150x150.png 150w\" sizes=\"(max-width: 512px) 100vw, 512px\" \/>\t\t\t    <\/div>\n\t\t    \t\t    <div class=\"eltdf-banner-content\">\n\t\t        \t\t            <h3 class=\"eltdf-banner-title\">ISPA Sede Jerusal\u00e9n 2025<\/h3>\n\t\t        \t\t        \t\t\t        <p class=\"eltdf-banner-text\">Aqu\u00ed encontrar\u00e1s toda la informaci\u00f3n de nuestro colegio en la sede Jerusal\u00e9n.<\/p>\n\t\t        \t\t\t\t\t\t\t\t\t<div class=\"eltdf-banner-link\">\n\t\t\t\t\t\t<a itemprop=\"url\" href=\"https:\/\/ispaeducacion.edu.co\/?page_id=380\" target=\"_self\"  class=\"eltdf-btn eltdf-btn-medium eltdf-btn-solid eltdf-btn-light eltdf-hover-animation\"  >    <span class=\"eltdf-btn-text\">Ver<\/span>                <span class=\"eltdf-btn-hover-item\"><\/span>    <\/a>\t\t\t\t\t<\/div>\n\t\t        \t        <\/div>\n\t\t<\/div>\n\t<\/div>\n<\/div>[\/vc_column][vc_column width=&#8221;1\/3&#8243; css=&#8221;.vc_custom_1508157305712{padding-right: 0px !important;padding-left: 0px !important;}&#8221;]<div class=\"eltdf-banner-holder  eltdf-banner-has-icon\">\n\t\t    <div class=\"eltdf-banner-image\">\n\t        <img width=\"2560\" height=\"1920\" src=\"https:\/\/ispaeducacion.edu.co\/wp-content\/uploads\/2023\/07\/IMG_0873-scaled.jpg\" class=\"attachment-full size-full\" alt=\"\" decoding=\"async\" loading=\"lazy\" srcset=\"https:\/\/ispaeducacion.edu.co\/wp-content\/uploads\/2023\/07\/IMG_0873-scaled.jpg 2560w, https:\/\/ispaeducacion.edu.co\/wp-content\/uploads\/2023\/07\/IMG_0873-300x225.jpg 300w, https:\/\/ispaeducacion.edu.co\/wp-content\/uploads\/2023\/07\/IMG_0873-1024x768.jpg 1024w, https:\/\/ispaeducacion.edu.co\/wp-content\/uploads\/2023\/07\/IMG_0873-768x576.jpg 768w, https:\/\/ispaeducacion.edu.co\/wp-content\/uploads\/2023\/07\/IMG_0873-1536x1152.jpg 1536w, https:\/\/ispaeducacion.edu.co\/wp-content\/uploads\/2023\/07\/IMG_0873-600x450.jpg 600w\" sizes=\"(max-width: 2560px) 100vw, 2560px\" \/>\t    <\/div>\n\t    <div class=\"eltdf-banner-text-holder\" style=\"background-color: #3b558a\">\n\t    <div class=\"eltdf-banner-text-inner\">\n\t\t    \t\t\t    <div class=\"eltdf-banner-icon\">\n\t\t\t\t    <img width=\"512\" height=\"512\" src=\"https:\/\/ispaeducacion.edu.co\/wp-content\/uploads\/2023\/06\/image-2.png\" class=\"attachment-full size-full\" alt=\"\" decoding=\"async\" loading=\"lazy\" srcset=\"https:\/\/ispaeducacion.edu.co\/wp-content\/uploads\/2023\/06\/image-2.png 512w, https:\/\/ispaeducacion.edu.co\/wp-content\/uploads\/2023\/06\/image-2-300x300.png 300w, https:\/\/ispaeducacion.edu.co\/wp-content\/uploads\/2023\/06\/image-2-100x100.png 100w, https:\/\/ispaeducacion.edu.co\/wp-content\/uploads\/2023\/06\/image-2-150x150.png 150w\" sizes=\"(max-width: 512px) 100vw, 512px\" \/>\t\t\t    <\/div>\n\t\t    \t\t    <div class=\"eltdf-banner-content\">\n\t\t        \t\t            <h3 class=\"eltdf-banner-title\">Programas Formaci\u00f3n 2025<\/h3>\n\t\t        \t\t        \t\t\t        <p class=\"eltdf-banner-text\">Aqu\u00ed encontrar\u00e1s todos los programas t\u00e9cnicos laborales y de formaci\u00f3n que tenemos para t\u00ed.<\/p>\n\t\t        \t\t\t\t\t\t\t\t\t<div class=\"eltdf-banner-link\">\n\t\t\t\t\t\t<a itemprop=\"url\" href=\"https:\/\/ispaeducacion.edu.co\/?page_id=5812\" target=\"_self\"  class=\"eltdf-btn eltdf-btn-medium eltdf-btn-solid eltdf-btn-light eltdf-hover-animation\"  >    <span class=\"eltdf-btn-text\">Ver<\/span>                <span class=\"eltdf-btn-hover-item\"><\/span>    <\/a>\t\t\t\t\t<\/div>\n\t\t        \t        <\/div>\n\t\t<\/div>\n\t<\/div>\n<\/div>[\/vc_column][\/vc_row][vc_row][vc_column][vc_single_image image=&#8221;4944&#8243; img_size=&#8221;full&#8221; alignment=&#8221;center&#8221; css_animation=&#8221;bounceIn&#8221;][\/vc_column][\/vc_row]<\/p>\n","protected":false},"excerpt":{"rendered":"<p>[vc_row css=&#8221;.vc_custom_1508157284474{margin-right: 0px !important;margin-left: 0px !important;}&#8221;][vc_column width=&#8221;1\/3&#8243; css=&#8221;.vc_custom_1508157292116{padding-right: 0px !important;padding-left: 0px !important;}&#8221;][\/vc_column][vc_column width=&#8221;1\/3&#8243; css=&#8221;.vc_custom_1508157298664{padding-right: 0px !important;padding-left: 0px !important;}&#8221;][\/vc_column][vc_column width=&#8221;1\/3&#8243; css=&#8221;.vc_custom_1508157305712{padding-right: 0px !important;padding-left: 0px !important;}&#8221;][\/vc_column][\/vc_row][vc_row][vc_column][vc_single_image image=&#8221;4944&#8243; img_size=&#8221;full&#8221; alignment=&#8221;center&#8221; css_animation=&#8221;bounceIn&#8221;][\/vc_column][\/vc_row]<\/p>\n","protected":false},"author":2,"featured_media":0,"parent":0,"menu_order":0,"comment_status":"closed","ping_status":"closed","template":"full-width.php","meta":{"_mi_skip_tracking":false,"_monsterinsights_sitenote_active":false,"_monsterinsights_sitenote_note":"","_monsterinsights_sitenote_category":0},"_links":{"self":[{"href":"https:\/\/ispaeducacion.edu.co\/index.php?rest_route=\/wp\/v2\/pages\/4669"}],"collection":[{"href":"https:\/\/ispaeducacion.edu.co\/index.php?rest_route=\/wp\/v2\/pages"}],"about":[{"href":"https:\/\/ispaeducacion.edu.co\/index.php?rest_route=\/wp\/v2\/types\/page"}],"author":[{"embeddable":true,"href":"https:\/\/ispaeducacion.edu.co\/index.php?rest_route=\/wp\/v2\/users\/2"}],"replies":[{"embeddable":true,"href":"https:\/\/ispaeducacion.edu.co\/index.php?rest_route=%2Fwp%2Fv2%2Fcomments&post=4669"}],"version-history":[{"count":38,"href":"https:\/\/ispaeducacion.edu.co\/index.php?rest_route=\/wp\/v2\/pages\/4669\/revisions"}],"predecessor-version":[{"id":6373,"href":"https:\/\/ispaeducacion.edu.co\/index.php?rest_route=\/wp\/v2\/pages\/4669\/revisions\/6373"}],"wp:attachment":[{"href":"https:\/\/ispaeducacion.edu.co\/index.php?rest_route=%2Fwp%2Fv2%2Fmedia&parent=4669"}],"curies":[{"name":"wp","href":"https:\/\/api.w.org\/{rel}","templated":true}]}}